{"id":117,"date":"2024-07-02T10:13:24","date_gmt":"2024-07-02T08:13:24","guid":{"rendered":"https:\/\/dev.ortho-bulle.ch\/bulle\/"},"modified":"2025-09-20T21:40:57","modified_gmt":"2025-09-20T19:40:57","slug":"bulle","status":"publish","type":"page","link":"https:\/\/www.ortho-bulle.ch\/de\/standorte\/bulle\/","title":{"rendered":"Bulle"},"content":{"rendered":"\n<div class=\"wp-block-group has-global-padding is-layout-constrained wp-container-core-group-is-layout-7cbf8257 wp-block-group-is-layout-constrained\" style=\"padding-top:var(--wp--preset--spacing--40);padding-bottom:var(--wp--preset--spacing--40)\">\n<div class=\"wp-block-columns breakpoint-1200 is-layout-flex wp-container-core-columns-is-layout-28f84493 wp-block-columns-is-layout-flex\">\n<div class=\"wp-block-column mobile-padding animate__animated animate__fadeInLeft is-layout-flow wp-block-column-is-layout-flow\" style=\"flex-basis:20%\">\n<div id=\"locations-directions\" class=\"wp-block-group location-bulle has-global-padding is-layout-constrained wp-block-group-is-layout-constrained\">\n<div class=\"wp-block-group locations-directions-hide has-global-padding is-layout-constrained wp-block-group-is-layout-constrained\" style=\"min-height:10rem\">\n<h4 class=\"wp-block-heading\">WE PROVIDE INDIVIDUAL AND PERSONAL CARE TO PATIENTS OF ALL AGES<\/h4>\n\n\n\n<hr class=\"wp-block-separator has-alpha-channel-opacity is-style-wide\"\/>\n<\/div>\n\n\n\n<div class=\"wp-block-group locations-directions-grow has-global-padding is-layout-constrained wp-block-group-is-layout-constrained\">\n<div class=\"wp-block-cover is-light has-custom-content-position is-position-bottom-center\" style=\"border-radius:4rem;padding-top:0;padding-right:0;padding-bottom:0;padding-left:0;min-height:20.75rem;aspect-ratio:unset;\"><img decoding=\"async\" class=\"wp-block-cover__image-background wp-image-4208\" alt=\"Bulle\" src=\"https:\/\/www.ortho-bulle.ch\/wp-content\/uploads\/sites\/2\/2024\/09\/Location_Bulle_Map.jpg\" style=\"object-position:50% 100%\" data-object-fit=\"cover\" data-object-position=\"50% 100%\"\/><span aria-hidden=\"true\" class=\"wp-block-cover__background has-background-dim-0 has-background-dim\" style=\"background-color:#f5f3ef\"><\/span><div class=\"wp-block-cover__inner-container has-global-padding is-layout-constrained wp-container-core-cover-is-layout-c06d165c wp-block-cover-is-layout-constrained\">\n<figure class=\"wp-block-image aligncenter size-large\" id=\"locations-directions-link\"><img decoding=\"async\" src=\"https:\/\/www.ortho-fribourg.ch\/wp-content\/uploads\/2024\/06\/arrow-up.svg\" alt=\"\" class=\"wp-image-4063\"\/><\/figure>\n\n\n\n<figure class=\"wp-block-image size-full\" id=\"locations-directions-map\"><a href=\"https:\/\/maps.app.goo.gl\/v29drDTVSs8q9T9F6\" target=\"_blank\" rel=\"noreferrer noopener\"><img decoding=\"async\" src=\"https:\/\/www.ortho-fribourg.ch\/wp-content\/uploads\/2024\/06\/blank.png\" alt=\"Google Maps\" class=\"wp-image-4199\"\/><\/a><\/figure>\n\n\n\n<div class=\"wp-block-group has-background is-vertical is-content-justification-center is-layout-flex wp-container-core-group-is-layout-988ec4ca wp-block-group-is-layout-flex\" style=\"border-style:none;border-width:0px;border-top-left-radius:0rem;border-top-right-radius:0rem;border-bottom-left-radius:4rem;border-bottom-right-radius:4rem;background-color:#ffffffa6;padding-top:0.5rem;padding-right:var(--wp--preset--spacing--20);padding-bottom:0;padding-left:var(--wp--preset--spacing--20);background-position:50% 100%;\">\n<p style=\"font-size:0.8rem\">Avenue de la gare 23<br>1630 Bulle<br>Im Zentrum von Bulle gelegen, im Erdgeschoss vom alten Bahnhof. <\/p>\n\n\n\n<hr class=\"wp-block-separator has-alpha-channel-opacity is-style-default\"\/>\n\n\n\n<h4 class=\"wp-block-heading has-text-align-center has-x-large-font-size\" style=\"font-style:normal;font-weight:300\">BULLE<\/h4>\n<\/div>\n<\/div><\/div>\n<\/div>\n\n\n\n<div class=\"wp-block-buttons is-content-justification-space-between is-layout-flex wp-container-core-buttons-is-layout-b2891da8 wp-block-buttons-is-layout-flex\">\n<div class=\"wp-block-button has-custom-width wp-block-button__width-100 animate-link\"><a class=\"wp-block-button__link has-contrast-color has-text-color has-background has-link-color has-border-color wp-element-button\" href=\"https:\/\/www.ortho-bulle.ch\/de\/standorte\/fribourg\/\" style=\"border-color:#000000;border-width:1px;border-radius:4rem;background-color:#ffffff00\">Go to Fribourg<\/a><\/div>\n<\/div>\n<\/div>\n<\/div>\n\n\n\n<div class=\"wp-block-column mobile-padding animate__animated animate__fadeInRight is-layout-flow wp-block-column-is-layout-flow\" style=\"flex-basis:80%\">\n<div class=\"wp-block-columns is-layout-flex wp-container-core-columns-is-layout-28f84493 wp-block-columns-is-layout-flex\">\n<div class=\"wp-block-column is-layout-flow wp-block-column-is-layout-flow\">\n<div class=\"wp-block-cover is-light has-custom-content-position is-position-bottom-center\" style=\"border-radius:4rem;padding-top:var(--wp--preset--spacing--10);padding-right:var(--wp--preset--spacing--60);padding-bottom:var(--wp--preset--spacing--10);padding-left:var(--wp--preset--spacing--60);min-height:36rem;aspect-ratio:unset;\"><img decoding=\"async\" class=\"wp-block-cover__image-background wp-image-4189\" alt=\"Bulle\" src=\"https:\/\/www.ortho-bulle.ch\/wp-content\/uploads\/sites\/2\/2024\/09\/Location_Bulle_Main-Image.jpg\" data-object-fit=\"cover\"\/><span aria-hidden=\"true\" class=\"wp-block-cover__background has-background-dim-0 has-background-dim\" style=\"background-color:#aba8ac\"><\/span><div class=\"wp-block-cover__inner-container has-global-padding is-layout-constrained wp-container-core-cover-is-layout-1c72e15c wp-block-cover-is-layout-constrained\">\n<figure class=\"wp-block-gallery has-nested-images columns-7 wp-block-gallery-1 is-layout-flex wp-block-gallery-is-layout-flex\">\n<figure class=\"wp-block-image size-medium has-custom-border\"><a href=\"https:\/\/www.ortho-bulle.ch\/wp-content\/uploads\/sites\/2\/2024\/09\/home_location_bulle_01.webp\"><img loading=\"lazy\" decoding=\"async\" width=\"300\" height=\"200\" data-id=\"743\" src=\"https:\/\/www.ortho-bulle.ch\/wp-content\/uploads\/sites\/2\/2024\/09\/home_location_bulle_01-300x200.webp\" alt=\"Bulle\" class=\"wp-image-743\" style=\"border-radius:0.5rem\" srcset=\"https:\/\/www.ortho-bulle.ch\/wp-content\/uploads\/sites\/2\/2024\/09\/home_location_bulle_01-300x200.webp 300w, https:\/\/www.ortho-bulle.ch\/wp-content\/uploads\/sites\/2\/2024\/09\/home_location_bulle_01-1024x683.webp 1024w, https:\/\/www.ortho-bulle.ch\/wp-content\/uploads\/sites\/2\/2024\/09\/home_location_bulle_01-768x512.webp 768w, https:\/\/www.ortho-bulle.ch\/wp-content\/uploads\/sites\/2\/2024\/09\/home_location_bulle_01-1536x1024.webp 1536w, https:\/\/www.ortho-bulle.ch\/wp-content\/uploads\/sites\/2\/2024\/09\/home_location_bulle_01.webp 1800w\" sizes=\"auto, (max-width: 300px) 100vw, 300px\" \/><\/a><\/figure>\n\n\n\n<figure class=\"wp-block-image size-medium has-custom-border\"><a href=\"https:\/\/www.ortho-bulle.ch\/wp-content\/uploads\/sites\/2\/2024\/09\/home_location_bulle_02.webp\"><img loading=\"lazy\" decoding=\"async\" width=\"300\" height=\"200\" data-id=\"746\" src=\"https:\/\/www.ortho-bulle.ch\/wp-content\/uploads\/sites\/2\/2024\/09\/home_location_bulle_02-300x200.webp\" alt=\"Bulle\" class=\"wp-image-746\" style=\"border-radius:0.5rem\" srcset=\"https:\/\/www.ortho-bulle.ch\/wp-content\/uploads\/sites\/2\/2024\/09\/home_location_bulle_02-300x200.webp 300w, https:\/\/www.ortho-bulle.ch\/wp-content\/uploads\/sites\/2\/2024\/09\/home_location_bulle_02-1024x683.webp 1024w, https:\/\/www.ortho-bulle.ch\/wp-content\/uploads\/sites\/2\/2024\/09\/home_location_bulle_02-768x512.webp 768w, https:\/\/www.ortho-bulle.ch\/wp-content\/uploads\/sites\/2\/2024\/09\/home_location_bulle_02-1536x1024.webp 1536w, https:\/\/www.ortho-bulle.ch\/wp-content\/uploads\/sites\/2\/2024\/09\/home_location_bulle_02.webp 1800w\" sizes=\"auto, (max-width: 300px) 100vw, 300px\" \/><\/a><\/figure>\n\n\n\n<figure class=\"wp-block-image size-medium has-custom-border\"><a href=\"https:\/\/www.ortho-bulle.ch\/wp-content\/uploads\/sites\/2\/2024\/09\/home_location_bulle_03.webp\"><img loading=\"lazy\" decoding=\"async\" width=\"300\" height=\"200\" data-id=\"749\" src=\"https:\/\/www.ortho-bulle.ch\/wp-content\/uploads\/sites\/2\/2024\/09\/home_location_bulle_03-300x200.webp\" alt=\"Bulle\" class=\"wp-image-749\" style=\"border-radius:0.5rem\" srcset=\"https:\/\/www.ortho-bulle.ch\/wp-content\/uploads\/sites\/2\/2024\/09\/home_location_bulle_03-300x200.webp 300w, https:\/\/www.ortho-bulle.ch\/wp-content\/uploads\/sites\/2\/2024\/09\/home_location_bulle_03-1024x683.webp 1024w, https:\/\/www.ortho-bulle.ch\/wp-content\/uploads\/sites\/2\/2024\/09\/home_location_bulle_03-768x512.webp 768w, https:\/\/www.ortho-bulle.ch\/wp-content\/uploads\/sites\/2\/2024\/09\/home_location_bulle_03-1536x1024.webp 1536w, https:\/\/www.ortho-bulle.ch\/wp-content\/uploads\/sites\/2\/2024\/09\/home_location_bulle_03.webp 1800w\" sizes=\"auto, (max-width: 300px) 100vw, 300px\" \/><\/a><\/figure>\n\n\n\n<figure class=\"wp-block-image size-medium has-custom-border\"><a href=\"https:\/\/www.ortho-bulle.ch\/wp-content\/uploads\/sites\/2\/2024\/09\/home_location_bulle_04.webp\"><img loading=\"lazy\" decoding=\"async\" width=\"300\" height=\"199\" data-id=\"213\" src=\"https:\/\/www.ortho-bulle.ch\/wp-content\/uploads\/sites\/2\/2024\/09\/home_location_bulle_04-300x199.webp\" alt=\"Bulle\" class=\"wp-image-213\" style=\"border-radius:0.5rem\" srcset=\"https:\/\/www.ortho-bulle.ch\/wp-content\/uploads\/sites\/2\/2024\/09\/home_location_bulle_04-300x199.webp 300w, https:\/\/www.ortho-bulle.ch\/wp-content\/uploads\/sites\/2\/2024\/09\/home_location_bulle_04-1024x680.webp 1024w, https:\/\/www.ortho-bulle.ch\/wp-content\/uploads\/sites\/2\/2024\/09\/home_location_bulle_04-768x510.webp 768w, https:\/\/www.ortho-bulle.ch\/wp-content\/uploads\/sites\/2\/2024\/09\/home_location_bulle_04-1536x1020.webp 1536w, https:\/\/www.ortho-bulle.ch\/wp-content\/uploads\/sites\/2\/2024\/09\/home_location_bulle_04.webp 1600w\" sizes=\"auto, (max-width: 300px) 100vw, 300px\" \/><\/a><\/figure>\n<\/figure>\n<\/div><\/div>\n<\/div>\n\n\n\n<div class=\"wp-block-column is-layout-flow wp-block-column-is-layout-flow\" style=\"flex-basis:4rem\">\n<div id=\"locations-appointment\" class=\"wp-block-group has-contrast-2-background-color has-background is-layout-flow wp-block-group-is-layout-flow\" style=\"border-radius:4rem;min-height:36rem\">\n<div class=\"wp-block-columns locations-appointment-grow is-layout-flex wp-container-core-columns-is-layout-1ec2ec05 wp-block-columns-is-layout-flex\" style=\"margin-top:0;margin-bottom:0;padding-top:0;padding-right:0;padding-bottom:0;padding-left:0\">\n<div class=\"wp-block-column locations-appointment-grow-col is-layout-flow wp-block-column-is-layout-flow\">\n<div style=\"height:2rem\" aria-hidden=\"true\" class=\"wp-block-spacer displayMaxWidth599\"><\/div>\n\n\n\n<h3 class=\"wp-block-heading displayMaxWidth599\">Make an appointment<\/h3>\n\n\n\n<div class=\"iframe-outer align-center\"><iframe class=\"od-widget\" id=\"od-widget-848530e1052d64c9cec2bd558ae61e266785642de7f467215a9e2164997553f6\" src=\"about:blank\" data-src=\"https:\/\/www.onedoc.ch\/de\/widget\/848530e1052d64c9cec2bd558ae61e266785642de7f467215a9e2164997553f6\" frameborder=\"0\" style=\"width:100%;max-width:1024px;height:30rem\"><\/iframe><\/div>\n<\/div>\n\n\n\n<div class=\"wp-block-column locations-appointment-shrink-col displayMinWidth600 is-layout-flow wp-block-column-is-layout-flow\" style=\"flex-basis:4rem\">\n<div class=\"wp-block-group is-vertical is-content-justification-center is-nowrap is-layout-flex wp-container-core-group-is-layout-c94f209b wp-block-group-is-layout-flex\" style=\"min-height:34rem\">\n<figure class=\"wp-block-image size-full is-resized\" id=\"locations-appointment-close\"><img loading=\"lazy\" decoding=\"async\" width=\"60\" height=\"60\" src=\"https:\/\/www.ortho-bulle.ch\/wp-content\/uploads\/sites\/2\/2025\/09\/icon-close.png\" alt=\"Close\" class=\"wp-image-1154\" style=\"width:30px\"\/><\/figure>\n\n\n\n<figure class=\"wp-block-image size-full is-resized\" id=\"locations-appointment-link\"><img loading=\"lazy\" decoding=\"async\" width=\"60\" height=\"600\" src=\"https:\/\/www.ortho-bulle.ch\/wp-content\/uploads\/sites\/2\/2025\/09\/Make-an-appointment.png\" alt=\"Make an appointment\" class=\"wp-image-1157\" style=\"width:30px\" srcset=\"https:\/\/www.ortho-bulle.ch\/wp-content\/uploads\/sites\/2\/2025\/09\/Make-an-appointment.png 60w, https:\/\/www.ortho-bulle.ch\/wp-content\/uploads\/sites\/2\/2025\/09\/Make-an-appointment-30x300.png 30w\" sizes=\"auto, (max-width: 60px) 100vw, 60px\" \/><\/figure>\n<\/div>\n<\/div>\n<\/div>\n<\/div>\n<\/div>\n<\/div>\n<\/div>\n<\/div>\n<\/div>\n\n\n\n<div class=\"wp-block-group mobile-padding animate__animated animate__fadeInUp has-global-padding is-layout-constrained wp-container-core-group-is-layout-3b8ea6bc wp-block-group-is-layout-constrained\" style=\"margin-top:var(--wp--preset--spacing--20);margin-bottom:var(--wp--preset--spacing--40)\">\n<hr class=\"wp-block-separator has-alpha-channel-opacity is-style-wide\"\/>\n\n\n\n<div style=\"height:2rem\" aria-hidden=\"true\" class=\"wp-block-spacer\"><\/div>\n\n\n\n<div class=\"wp-block-columns are-vertically-aligned-center is-layout-flex wp-container-core-columns-is-layout-7fc3d43a wp-block-columns-is-layout-flex\">\n<div class=\"wp-block-column is-vertically-aligned-center is-layout-flow wp-block-column-is-layout-flow\" style=\"flex-basis:33.33%\">\n<figure class=\"wp-block-image size-full\"><img decoding=\"async\" src=\"https:\/\/www.ortho-fribourg.ch\/wp-content\/uploads\/2024\/06\/Location_Fribourg_Michael-Spiegl.jpg\" alt=\"\" class=\"wp-image-4166\"\/><\/figure>\n<\/div>\n\n\n\n<div class=\"wp-block-column is-vertically-aligned-center is-layout-flow wp-block-column-is-layout-flow\" style=\"flex-basis:66.66%\">\n<p>Liebe Patientinnen und Patienten, liebe Eltern<\/p>\n\n\n\n<p>Seit 25 Jahren behandeln wir kleine und grosse Patientinnen und Patienten in unserer kieferorthop\u00e4dischen Praxis in Fribourg. Wir behandeln Patientinnen und Patienten im Kindes- und Erwachsenenalter mit bew\u00e4hrten und modernsten Behandlungsmethoden im gesamten Spektrum der modernen Kieferorthop\u00e4die.<\/p>\n\n\n\n<p>Uns ist ein hervorragendes Behandlungsergebnis ebenso wichtig wie das Wohlergehen und die Zufriedenheit unserer Patienten. Wir sind f\u00fcr Sie da, um Sie individuell zu beraten und betreuen!<\/p>\n\n\n\n<p><em>Michael Spiegl<\/em><\/p>\n<\/div>\n<\/div>\n<\/div>\n","protected":false},"excerpt":{"rendered":"<p>WE PROVIDE INDIVIDUAL AND PERSONAL CARE TO PATIENTS OF ALL AGES Make an appointment Liebe Patientinnen und Patienten, liebe Eltern Seit 25 Jahren behandeln wir kleine und grosse Patientinnen und Patienten in unserer kieferorthop\u00e4dischen Praxis in Fribourg. Wir behandeln Patientinnen und Patienten im Kindes- und Erwachsenenalter mit bew\u00e4hrten und modernsten Behandlungsmethoden im gesamten Spektrum der [&hellip;]<\/p>\n","protected":false},"author":1,"featured_media":0,"parent":77,"menu_order":1,"comment_status":"closed","ping_status":"closed","template":"","meta":{"footnotes":""},"class_list":["post-117","page","type-page","status-publish","hentry"],"yoast_head":"<!-- This site is optimized with the Yoast SEO plugin v27.4 - https:\/\/yoast.com\/product\/yoast-seo-wordpress\/ -->\n<title>Bulle - ORTHO BULLE<\/title>\n<meta name=\"robots\" content=\"index, follow, max-snippet:-1, max-image-preview:large, max-video-preview:-1\" \/>\n<link rel=\"canonical\" href=\"https:\/\/www.ortho-bulle.ch\/de\/standorte\/bulle\/\" \/>\n<meta property=\"og:locale\" content=\"de_DE\" \/>\n<meta property=\"og:type\" content=\"article\" \/>\n<meta property=\"og:title\" content=\"Bulle - ORTHO BULLE\" \/>\n<meta property=\"og:description\" content=\"WE PROVIDE INDIVIDUAL AND PERSONAL CARE TO PATIENTS OF ALL AGES Make an appointment Liebe Patientinnen und Patienten, liebe Eltern Seit 25 Jahren behandeln wir kleine und grosse Patientinnen und Patienten in unserer kieferorthop\u00e4dischen Praxis in Fribourg. Wir behandeln Patientinnen und Patienten im Kindes- und Erwachsenenalter mit bew\u00e4hrten und modernsten Behandlungsmethoden im gesamten Spektrum der [&hellip;]\" \/>\n<meta property=\"og:url\" content=\"https:\/\/www.ortho-bulle.ch\/de\/standorte\/bulle\/\" \/>\n<meta property=\"og:site_name\" content=\"ORTHO BULLE\" \/>\n<meta property=\"article:modified_time\" content=\"2025-09-20T19:40:57+00:00\" \/>\n<meta name=\"twitter:card\" content=\"summary_large_image\" \/>\n<meta name=\"twitter:label1\" content=\"Gesch\u00e4tzte Lesezeit\" \/>\n\t<meta name=\"twitter:data1\" content=\"3\u00a0Minuten\" \/>\n<script type=\"application\/ld+json\" class=\"yoast-schema-graph\">{\"@context\":\"https:\\\/\\\/schema.org\",\"@graph\":[{\"@type\":\"WebPage\",\"@id\":\"https:\\\/\\\/www.ortho-bulle.ch\\\/de\\\/standorte\\\/bulle\\\/\",\"url\":\"https:\\\/\\\/www.ortho-bulle.ch\\\/de\\\/standorte\\\/bulle\\\/\",\"name\":\"Bulle - ORTHO BULLE\",\"isPartOf\":{\"@id\":\"https:\\\/\\\/www.ortho-bulle.ch\\\/de\\\/#website\"},\"primaryImageOfPage\":{\"@id\":\"https:\\\/\\\/www.ortho-bulle.ch\\\/de\\\/standorte\\\/bulle\\\/#primaryimage\"},\"image\":{\"@id\":\"https:\\\/\\\/www.ortho-bulle.ch\\\/de\\\/standorte\\\/bulle\\\/#primaryimage\"},\"thumbnailUrl\":\"https:\\\/\\\/www.ortho-bulle.ch\\\/wp-content\\\/uploads\\\/sites\\\/2\\\/2024\\\/09\\\/Location_Bulle_Map.jpg\",\"datePublished\":\"2024-07-02T08:13:24+00:00\",\"dateModified\":\"2025-09-20T19:40:57+00:00\",\"breadcrumb\":{\"@id\":\"https:\\\/\\\/www.ortho-bulle.ch\\\/de\\\/standorte\\\/bulle\\\/#breadcrumb\"},\"inLanguage\":\"de\",\"potentialAction\":[{\"@type\":\"ReadAction\",\"target\":[\"https:\\\/\\\/www.ortho-bulle.ch\\\/de\\\/standorte\\\/bulle\\\/\"]}]},{\"@type\":\"ImageObject\",\"inLanguage\":\"de\",\"@id\":\"https:\\\/\\\/www.ortho-bulle.ch\\\/de\\\/standorte\\\/bulle\\\/#primaryimage\",\"url\":\"https:\\\/\\\/www.ortho-bulle.ch\\\/wp-content\\\/uploads\\\/sites\\\/2\\\/2024\\\/09\\\/Location_Bulle_Map.jpg\",\"contentUrl\":\"https:\\\/\\\/www.ortho-bulle.ch\\\/wp-content\\\/uploads\\\/sites\\\/2\\\/2024\\\/09\\\/Location_Bulle_Map.jpg\"},{\"@type\":\"BreadcrumbList\",\"@id\":\"https:\\\/\\\/www.ortho-bulle.ch\\\/de\\\/standorte\\\/bulle\\\/#breadcrumb\",\"itemListElement\":[{\"@type\":\"ListItem\",\"position\":1,\"name\":\"Startseite\",\"item\":\"https:\\\/\\\/www.ortho-bulle.ch\\\/de\\\/\"},{\"@type\":\"ListItem\",\"position\":2,\"name\":\"Standorte\",\"item\":\"https:\\\/\\\/www.ortho-bulle.ch\\\/de\\\/standorte\\\/\"},{\"@type\":\"ListItem\",\"position\":3,\"name\":\"Bulle\"}]},{\"@type\":\"WebSite\",\"@id\":\"https:\\\/\\\/www.ortho-bulle.ch\\\/de\\\/#website\",\"url\":\"https:\\\/\\\/www.ortho-bulle.ch\\\/de\\\/\",\"name\":\"ORTHO BULLE\",\"description\":\"Facharztpraxis f\u00fcr Kieferorthop\u00e4die\",\"publisher\":{\"@id\":\"https:\\\/\\\/www.ortho-bulle.ch\\\/de\\\/#organization\"},\"potentialAction\":[{\"@type\":\"SearchAction\",\"target\":{\"@type\":\"EntryPoint\",\"urlTemplate\":\"https:\\\/\\\/www.ortho-bulle.ch\\\/de\\\/?s={search_term_string}\"},\"query-input\":{\"@type\":\"PropertyValueSpecification\",\"valueRequired\":true,\"valueName\":\"search_term_string\"}}],\"inLanguage\":\"de\"},{\"@type\":\"Organization\",\"@id\":\"https:\\\/\\\/www.ortho-bulle.ch\\\/de\\\/#organization\",\"name\":\"ORTHO BULLE\",\"url\":\"https:\\\/\\\/www.ortho-bulle.ch\\\/de\\\/\",\"logo\":{\"@type\":\"ImageObject\",\"inLanguage\":\"de\",\"@id\":\"https:\\\/\\\/www.ortho-bulle.ch\\\/de\\\/#\\\/schema\\\/logo\\\/image\\\/\",\"url\":\"https:\\\/\\\/www.ortho-bulle.ch\\\/wp-content\\\/uploads\\\/sites\\\/2\\\/2024\\\/09\\\/logo-ortho-spiegl.svg\",\"contentUrl\":\"https:\\\/\\\/www.ortho-bulle.ch\\\/wp-content\\\/uploads\\\/sites\\\/2\\\/2024\\\/09\\\/logo-ortho-spiegl.svg\",\"width\":224,\"height\":65,\"caption\":\"ORTHO BULLE\"},\"image\":{\"@id\":\"https:\\\/\\\/www.ortho-bulle.ch\\\/de\\\/#\\\/schema\\\/logo\\\/image\\\/\"}}]}<\/script>\n<!-- \/ Yoast SEO plugin. -->","yoast_head_json":{"title":"Bulle - ORTHO BULLE","robots":{"index":"index","follow":"follow","max-snippet":"max-snippet:-1","max-image-preview":"max-image-preview:large","max-video-preview":"max-video-preview:-1"},"canonical":"https:\/\/www.ortho-bulle.ch\/de\/standorte\/bulle\/","og_locale":"de_DE","og_type":"article","og_title":"Bulle - ORTHO BULLE","og_description":"WE PROVIDE INDIVIDUAL AND PERSONAL CARE TO PATIENTS OF ALL AGES Make an appointment Liebe Patientinnen und Patienten, liebe Eltern Seit 25 Jahren behandeln wir kleine und grosse Patientinnen und Patienten in unserer kieferorthop\u00e4dischen Praxis in Fribourg. Wir behandeln Patientinnen und Patienten im Kindes- und Erwachsenenalter mit bew\u00e4hrten und modernsten Behandlungsmethoden im gesamten Spektrum der [&hellip;]","og_url":"https:\/\/www.ortho-bulle.ch\/de\/standorte\/bulle\/","og_site_name":"ORTHO BULLE","article_modified_time":"2025-09-20T19:40:57+00:00","twitter_card":"summary_large_image","twitter_misc":{"Gesch\u00e4tzte Lesezeit":"3\u00a0Minuten"},"schema":{"@context":"https:\/\/schema.org","@graph":[{"@type":"WebPage","@id":"https:\/\/www.ortho-bulle.ch\/de\/standorte\/bulle\/","url":"https:\/\/www.ortho-bulle.ch\/de\/standorte\/bulle\/","name":"Bulle - ORTHO BULLE","isPartOf":{"@id":"https:\/\/www.ortho-bulle.ch\/de\/#website"},"primaryImageOfPage":{"@id":"https:\/\/www.ortho-bulle.ch\/de\/standorte\/bulle\/#primaryimage"},"image":{"@id":"https:\/\/www.ortho-bulle.ch\/de\/standorte\/bulle\/#primaryimage"},"thumbnailUrl":"https:\/\/www.ortho-bulle.ch\/wp-content\/uploads\/sites\/2\/2024\/09\/Location_Bulle_Map.jpg","datePublished":"2024-07-02T08:13:24+00:00","dateModified":"2025-09-20T19:40:57+00:00","breadcrumb":{"@id":"https:\/\/www.ortho-bulle.ch\/de\/standorte\/bulle\/#breadcrumb"},"inLanguage":"de","potentialAction":[{"@type":"ReadAction","target":["https:\/\/www.ortho-bulle.ch\/de\/standorte\/bulle\/"]}]},{"@type":"ImageObject","inLanguage":"de","@id":"https:\/\/www.ortho-bulle.ch\/de\/standorte\/bulle\/#primaryimage","url":"https:\/\/www.ortho-bulle.ch\/wp-content\/uploads\/sites\/2\/2024\/09\/Location_Bulle_Map.jpg","contentUrl":"https:\/\/www.ortho-bulle.ch\/wp-content\/uploads\/sites\/2\/2024\/09\/Location_Bulle_Map.jpg"},{"@type":"BreadcrumbList","@id":"https:\/\/www.ortho-bulle.ch\/de\/standorte\/bulle\/#breadcrumb","itemListElement":[{"@type":"ListItem","position":1,"name":"Startseite","item":"https:\/\/www.ortho-bulle.ch\/de\/"},{"@type":"ListItem","position":2,"name":"Standorte","item":"https:\/\/www.ortho-bulle.ch\/de\/standorte\/"},{"@type":"ListItem","position":3,"name":"Bulle"}]},{"@type":"WebSite","@id":"https:\/\/www.ortho-bulle.ch\/de\/#website","url":"https:\/\/www.ortho-bulle.ch\/de\/","name":"ORTHO BULLE","description":"Facharztpraxis f\u00fcr Kieferorthop\u00e4die","publisher":{"@id":"https:\/\/www.ortho-bulle.ch\/de\/#organization"},"potentialAction":[{"@type":"SearchAction","target":{"@type":"EntryPoint","urlTemplate":"https:\/\/www.ortho-bulle.ch\/de\/?s={search_term_string}"},"query-input":{"@type":"PropertyValueSpecification","valueRequired":true,"valueName":"search_term_string"}}],"inLanguage":"de"},{"@type":"Organization","@id":"https:\/\/www.ortho-bulle.ch\/de\/#organization","name":"ORTHO BULLE","url":"https:\/\/www.ortho-bulle.ch\/de\/","logo":{"@type":"ImageObject","inLanguage":"de","@id":"https:\/\/www.ortho-bulle.ch\/de\/#\/schema\/logo\/image\/","url":"https:\/\/www.ortho-bulle.ch\/wp-content\/uploads\/sites\/2\/2024\/09\/logo-ortho-spiegl.svg","contentUrl":"https:\/\/www.ortho-bulle.ch\/wp-content\/uploads\/sites\/2\/2024\/09\/logo-ortho-spiegl.svg","width":224,"height":65,"caption":"ORTHO BULLE"},"image":{"@id":"https:\/\/www.ortho-bulle.ch\/de\/#\/schema\/logo\/image\/"}}]}},"_links":{"self":[{"href":"https:\/\/www.ortho-bulle.ch\/de\/wp-json\/wp\/v2\/pages\/117","targetHints":{"allow":["GET"]}}],"collection":[{"href":"https:\/\/www.ortho-bulle.ch\/de\/wp-json\/wp\/v2\/pages"}],"about":[{"href":"https:\/\/www.ortho-bulle.ch\/de\/wp-json\/wp\/v2\/types\/page"}],"author":[{"embeddable":true,"href":"https:\/\/www.ortho-bulle.ch\/de\/wp-json\/wp\/v2\/users\/1"}],"replies":[{"embeddable":true,"href":"https:\/\/www.ortho-bulle.ch\/de\/wp-json\/wp\/v2\/comments?post=117"}],"version-history":[{"count":8,"href":"https:\/\/www.ortho-bulle.ch\/de\/wp-json\/wp\/v2\/pages\/117\/revisions"}],"predecessor-version":[{"id":1160,"href":"https:\/\/www.ortho-bulle.ch\/de\/wp-json\/wp\/v2\/pages\/117\/revisions\/1160"}],"up":[{"embeddable":true,"href":"https:\/\/www.ortho-bulle.ch\/de\/wp-json\/wp\/v2\/pages\/77"}],"wp:attachment":[{"href":"https:\/\/www.ortho-bulle.ch\/de\/wp-json\/wp\/v2\/media?parent=117"}],"curies":[{"name":"wp","href":"https:\/\/api.w.org\/{rel}","templated":true}]}}