{"id":135,"date":"2019-10-25T14:36:17","date_gmt":"2019-10-25T12:36:17","guid":{"rendered":"https:\/\/dev.ortho-bulle.ch\/unsichtbare-korrekturen\/"},"modified":"2024-09-12T21:46:24","modified_gmt":"2024-09-12T19:46:24","slug":"unsichtbare-korrekturen","status":"publish","type":"page","link":"https:\/\/www.ortho-bulle.ch\/de\/unsichtbare-korrekturen\/","title":{"rendered":"Unsichtbare Korrekturen"},"content":{"rendered":"\n<div class=\"wp-block-group mobile-padding has-global-padding is-layout-constrained wp-container-core-group-is-layout-7cbf8257 wp-block-group-is-layout-constrained\" style=\"padding-top:var(--wp--preset--spacing--40);padding-bottom:var(--wp--preset--spacing--40)\">\n<div class=\"wp-block-columns are-vertically-aligned-bottom hasFullsizeCover is-layout-flex wp-container-core-columns-is-layout-4b32ed8a wp-block-columns-is-layout-flex\" style=\"margin-bottom:0\">\n<div class=\"wp-block-column is-vertically-aligned-bottom fullsizeCover animate__animated animate__fadeInLeft is-layout-flow wp-block-column-is-layout-flow\" style=\"flex-basis:38%\">\n<div class=\"wp-block-group fullsizeCoverContent is-layout-flow wp-block-group-is-layout-flow has-background\" style=\"border-top-left-radius:4rem;border-top-right-radius:4rem;border-bottom-left-radius:0rem;border-bottom-right-radius:0rem;background-image:url(&apos;https:\/\/www.ortho-bulle.ch\/wp-content\/uploads\/sites\/2\/2024\/09\/unsichtbare-korrekturen-invisaglign.webp&apos;);background-position:50% 36%;background-size:cover;\"><\/div>\n<\/div>\n\n\n\n<div class=\"wp-block-column is-vertically-aligned-bottom animate__animated animate__fadeInRight is-layout-flow wp-block-column-is-layout-flow\" style=\"flex-basis:62%\">\n<h1 class=\"wp-block-heading has-large-font-size\">Die Spezialisten in Bulle f\u00fcr unsichtbare Zahnkorrekturen<\/h1>\n\n\n\n<hr class=\"wp-block-separator has-alpha-channel-opacity is-style-wide\"\/>\n\n\n\n<div class=\"wp-block-columns is-layout-flex wp-container-core-columns-is-layout-65e523f9 wp-block-columns-is-layout-flex\">\n<div class=\"wp-block-column is-layout-flow wp-block-column-is-layout-flow\" style=\"flex-basis:25%\">\n<figure class=\"wp-block-image\"><img loading=\"lazy\" decoding=\"async\" width=\"220\" height=\"159\" src=\"https:\/\/www.ortho-fribourg.ch\/wp-content\/uploads\/2020\/01\/unsichtbare-korrekturen-illustration-02.png\" alt=\"Invisalign-System\" class=\"wp-image-166\"\/><\/figure>\n<\/div>\n\n\n\n<div class=\"wp-block-column has-small-font-size is-layout-flow wp-block-column-is-layout-flow\" style=\"flex-basis:75%\">\n<p>Beim Invisalign-System erfolgt <strong>die Zahnstellungskorrektur <\/strong>durch eine Serie von<strong> transparenten Kunstoffschienen<\/strong>, sogenannten Alignern. Die Aligner sind nahezu unsichtbar, werden daher von der Umgebung <strong>kaum wahrgenommen <\/strong>und bieten einen unerreichten Tragekomfort. Das Berufs- und Privatleben wird nur minimal beeinflusst: Sprechen, Telefonieren, Sport, Essen ist aber problemlos m\u00f6glich.<\/p>\n\n\n\n<p>Weitere Vorteile von Invisalign<sup>\u00ae<\/sup> beeinhalten:<\/p>\n\n\n\n<ul class=\"wp-block-list\">\n<li>Hygiene ohne Einschr\u00e4nkungen<\/li>\n\n\n\n<li>Weniger Wurzelresorptionen<\/li>\n\n\n\n<li>Weniger Zahnfleischentz\u00fcndungen<\/li>\n\n\n\n<li>Geringeres Kariesrisiko gegen\u00fcber festsitzender Apparaturen<\/li>\n<\/ul>\n<\/div>\n<\/div>\n\n\n\n<div class=\"wp-block-columns is-layout-flex wp-container-core-columns-is-layout-65e523f9 wp-block-columns-is-layout-flex\">\n<div class=\"wp-block-column is-layout-flow wp-block-column-is-layout-flow\" style=\"flex-basis:25%\">\n<figure class=\"wp-block-image\"><img decoding=\"async\" src=\"https:\/\/www.ortho-fribourg.ch\/wp-content\/uploads\/2022\/09\/logo-Invisalign.png\" alt=\"Invisalign\" class=\"wp-image-2682\"\/><\/figure>\n<\/div>\n\n\n\n<div class=\"wp-block-column has-small-font-size is-layout-flow wp-block-column-is-layout-flow\" style=\"flex-basis:75%\">\n<p>Wir haben fast <strong>20 Jahre Erfahrung mit Schienentherapien. Invisalign<\/strong>, der f\u00fchrende Technologieanbeiter f\u00fcr Schienentherapien, hat die Praxis <strong>ausgezeichnet als Top 1% der Behandler Europas mit dem Status Diamond Apex<\/strong>.<\/p>\n<\/div>\n<\/div>\n\n\n\n<div class=\"wp-block-columns is-layout-flex wp-container-core-columns-is-layout-65e523f9 wp-block-columns-is-layout-flex\">\n<div class=\"wp-block-column is-layout-flow wp-block-column-is-layout-flow\" style=\"flex-basis:25%\">\n<figure class=\"wp-block-image\"><img decoding=\"async\" src=\"https:\/\/www.ortho-fribourg.ch\/wp-content\/uploads\/2022\/09\/unsichtbare-behandlungen-03-2022.png\" alt=\"WIN-System\" class=\"wp-image-2488\"\/><\/figure>\n<\/div>\n\n\n\n<div class=\"wp-block-column has-small-font-size is-layout-flow wp-block-column-is-layout-flow\" style=\"flex-basis:75%\">\n<p>Die linguale Zahnspange ist ein <strong>moderner technologischer Fortschritt mit hoher Pr\u00e4zision<\/strong>, <strong>vollst\u00e4ndig individualisiert<\/strong> <strong>und<\/strong> <strong>\u00e4sthetisch<\/strong>. Dank der Positionnierung der Pl\u00e4ttchen auf der Innenseite der Z\u00e4hne ist sie v\u00f6llig unsichtbar.<\/p>\n\n\n\n<p>Das <strong>WIN-System gilt als eine der f\u00fchrenden Technologien<\/strong> f\u00fcr Lingualapparaturen. Sie ist digitalisiert und massgefertigt und passt sich perfekt an jede Morphologie an, um ein optimales Ergebnis und Komfort zu erzielen. Diese Methode eignet sich besonders f\u00fcr Patientinnen und Patienten mit hohem \u00e4sthetischem Anspruch.<\/p>\n<\/div>\n<\/div>\n<\/div>\n<\/div>\n\n\n\n<div class=\"wp-block-columns hasFullsizeCover is-layout-flex wp-container-core-columns-is-layout-7e2133f5 wp-block-columns-is-layout-flex\" style=\"margin-top:0\">\n<div class=\"wp-block-column fullsizeCover animate__animated animate__fadeInLeft is-layout-flow wp-block-column-is-layout-flow\" style=\"flex-basis:38%\">\n<div class=\"wp-block-group fullsizeCoverContent is-layout-flow wp-block-group-is-layout-flow has-background\" style=\"border-top-left-radius:0rem;border-top-right-radius:0rem;border-bottom-left-radius:4rem;border-bottom-right-radius:4rem;background-image:url(&apos;https:\/\/www.ortho-bulle.ch\/wp-content\/uploads\/sites\/2\/2024\/09\/unsichtbare-korrekturen-invisaglign-2.webp&apos;);background-position:50% 20%;background-size:cover;\"><\/div>\n<\/div>\n\n\n\n<div class=\"wp-block-column animate__animated animate__fadeInRight is-layout-flow wp-block-column-is-layout-flow\" style=\"flex-basis:62%\">\n<div style=\"height:2rem\" aria-hidden=\"true\" class=\"wp-block-spacer\"><\/div>\n\n\n\n<h2 class=\"wp-block-heading has-underline has-large-font-size\">FEHLSTELLUNGEN K\u00d6NNEN IN JEDEM ALTER INDIVIDUELL UND UNSICHTBAR KORRIGIERT WERDEN<\/h2>\n\n\n\n<hr class=\"wp-block-separator has-alpha-channel-opacity is-style-wide\"\/>\n\n\n\n<div class=\"wp-block-group has-small-font-size is-vertical is-layout-flex wp-container-core-group-is-layout-fe9cc265 wp-block-group-is-layout-flex\">\n<p><span style=\"text-transform:uppercase\">Erster Termin zur Situationsanalyse<\/span><br>In einem Erstgespr\u00e4ch analysieren wir Ihre individuelle Zahnfehlstellung und besprechen Ihre Anliegen an die anstehende kieferorthop\u00e4dische Behandlung.<\/p>\n\n\n\n<p><span style=\"text-transform:uppercase\">Behandlungsplanung auf Basis 3d Animation Ihrer Z\u00e4hne<\/span><br>Bei einem n\u00e4chsten Gespr\u00e4ch k\u00f6nnen wir Ihnen aufzeigen, wie Ihre Zahnfehlstellung mit Invisalign oder WIN korrigiert werden kann und welche Kosten f\u00fcr die Behandlung mit den transparenten Kunststoffschienen entstehen.<\/p>\n\n\n\n<p><span style=\"text-transform:uppercase\">Behandlung mit transparenten Schienen oder lingual brackets<\/span><br>In der ersten Sitzung bereiten wir alle notwendigen Schritte vor, damit die transparenten Kunststoffschienen gem\u00e4ss Ihrem individuellen Behandlungsplan eingesetzt werden k\u00f6nnen.<\/p>\n\n\n\n<p><span style=\"text-transform:uppercase\">Regelm\u00e4ssige Kontrollsitzungen<\/span><br>W\u00e4hrend der Behandlung sind regelm\u00e4ssige Kontrollsitzungen wichtig, um&nbsp; den Behandlungsverlauf optimal zu begleiten.<\/p>\n\n\n\n<p><span style=\"text-transform:uppercase\">Behandlungsabschluss und Stabilisierung der Z\u00e4hne<\/span><br>Nach Abschluss der aktiven Behandlung werden die Z\u00e4hne entweder mit einem festsitzenden Retainer (Metallbogen innen) oder einer Schiene nachhaltig stabilisiert um unerw\u00fcnschte Zahnbewegungen zu verhindern.<br>Auf Wunsch k\u00f6nnen Ihre Z\u00e4hne gebleached werden.<\/p>\n<\/div>\n<\/div>\n<\/div>\n<\/div>\n","protected":false},"excerpt":{"rendered":"<p>Die Spezialisten in Bulle f\u00fcr unsichtbare Zahnkorrekturen Beim Invisalign-System erfolgt die Zahnstellungskorrektur durch eine Serie von transparenten Kunstoffschienen, sogenannten Alignern. Die Aligner sind nahezu unsichtbar, werden daher von der Umgebung kaum wahrgenommen und bieten einen unerreichten Tragekomfort. Das Berufs- und Privatleben wird nur minimal beeinflusst: Sprechen, Telefonieren, Sport, Essen ist aber problemlos m\u00f6glich. Weitere Vorteile [&hellip;]<\/p>\n","protected":false},"author":1,"featured_media":0,"parent":0,"menu_order":4,"comment_status":"closed","ping_status":"closed","template":"","meta":{"footnotes":""},"class_list":["post-135","page","type-page","status-publish","hentry"],"yoast_head":"<!-- This site is optimized with the Yoast SEO plugin v27.4 - https:\/\/yoast.com\/product\/yoast-seo-wordpress\/ -->\n<title>Unsichtbare Korrekturen - ORTHO BULLE<\/title>\n<meta name=\"robots\" content=\"index, follow, max-snippet:-1, max-image-preview:large, max-video-preview:-1\" \/>\n<link rel=\"canonical\" href=\"https:\/\/www.ortho-bulle.ch\/de\/unsichtbare-korrekturen\/\" \/>\n<meta property=\"og:locale\" content=\"de_DE\" \/>\n<meta property=\"og:type\" content=\"article\" \/>\n<meta property=\"og:title\" content=\"Unsichtbare Korrekturen - ORTHO BULLE\" \/>\n<meta property=\"og:description\" content=\"Die Spezialisten in Bulle f\u00fcr unsichtbare Zahnkorrekturen Beim Invisalign-System erfolgt die Zahnstellungskorrektur durch eine Serie von transparenten Kunstoffschienen, sogenannten Alignern. Die Aligner sind nahezu unsichtbar, werden daher von der Umgebung kaum wahrgenommen und bieten einen unerreichten Tragekomfort. Das Berufs- und Privatleben wird nur minimal beeinflusst: Sprechen, Telefonieren, Sport, Essen ist aber problemlos m\u00f6glich. Weitere Vorteile [&hellip;]\" \/>\n<meta property=\"og:url\" content=\"https:\/\/www.ortho-bulle.ch\/de\/unsichtbare-korrekturen\/\" \/>\n<meta property=\"og:site_name\" content=\"ORTHO BULLE\" \/>\n<meta property=\"article:modified_time\" content=\"2024-09-12T19:46:24+00:00\" \/>\n<meta property=\"og:image\" content=\"https:\/\/www.ortho-fribourg.ch\/wp-content\/uploads\/2020\/01\/unsichtbare-korrekturen-illustration-02.png\" \/>\n<meta name=\"twitter:card\" content=\"summary_large_image\" \/>\n<meta name=\"twitter:label1\" content=\"Gesch\u00e4tzte Lesezeit\" \/>\n\t<meta name=\"twitter:data1\" content=\"3\u00a0Minuten\" \/>\n<script type=\"application\/ld+json\" class=\"yoast-schema-graph\">{\"@context\":\"https:\\\/\\\/schema.org\",\"@graph\":[{\"@type\":\"WebPage\",\"@id\":\"https:\\\/\\\/www.ortho-bulle.ch\\\/de\\\/unsichtbare-korrekturen\\\/\",\"url\":\"https:\\\/\\\/www.ortho-bulle.ch\\\/de\\\/unsichtbare-korrekturen\\\/\",\"name\":\"Unsichtbare Korrekturen - ORTHO BULLE\",\"isPartOf\":{\"@id\":\"https:\\\/\\\/www.ortho-bulle.ch\\\/de\\\/#website\"},\"primaryImageOfPage\":{\"@id\":\"https:\\\/\\\/www.ortho-bulle.ch\\\/de\\\/unsichtbare-korrekturen\\\/#primaryimage\"},\"image\":{\"@id\":\"https:\\\/\\\/www.ortho-bulle.ch\\\/de\\\/unsichtbare-korrekturen\\\/#primaryimage\"},\"thumbnailUrl\":\"https:\\\/\\\/www.ortho-fribourg.ch\\\/wp-content\\\/uploads\\\/2020\\\/01\\\/unsichtbare-korrekturen-illustration-02.png\",\"datePublished\":\"2019-10-25T12:36:17+00:00\",\"dateModified\":\"2024-09-12T19:46:24+00:00\",\"breadcrumb\":{\"@id\":\"https:\\\/\\\/www.ortho-bulle.ch\\\/de\\\/unsichtbare-korrekturen\\\/#breadcrumb\"},\"inLanguage\":\"de\",\"potentialAction\":[{\"@type\":\"ReadAction\",\"target\":[\"https:\\\/\\\/www.ortho-bulle.ch\\\/de\\\/unsichtbare-korrekturen\\\/\"]}]},{\"@type\":\"ImageObject\",\"inLanguage\":\"de\",\"@id\":\"https:\\\/\\\/www.ortho-bulle.ch\\\/de\\\/unsichtbare-korrekturen\\\/#primaryimage\",\"url\":\"https:\\\/\\\/www.ortho-fribourg.ch\\\/wp-content\\\/uploads\\\/2020\\\/01\\\/unsichtbare-korrekturen-illustration-02.png\",\"contentUrl\":\"https:\\\/\\\/www.ortho-fribourg.ch\\\/wp-content\\\/uploads\\\/2020\\\/01\\\/unsichtbare-korrekturen-illustration-02.png\"},{\"@type\":\"BreadcrumbList\",\"@id\":\"https:\\\/\\\/www.ortho-bulle.ch\\\/de\\\/unsichtbare-korrekturen\\\/#breadcrumb\",\"itemListElement\":[{\"@type\":\"ListItem\",\"position\":1,\"name\":\"Startseite\",\"item\":\"https:\\\/\\\/www.ortho-bulle.ch\\\/de\\\/\"},{\"@type\":\"ListItem\",\"position\":2,\"name\":\"Unsichtbare Korrekturen\"}]},{\"@type\":\"WebSite\",\"@id\":\"https:\\\/\\\/www.ortho-bulle.ch\\\/de\\\/#website\",\"url\":\"https:\\\/\\\/www.ortho-bulle.ch\\\/de\\\/\",\"name\":\"ORTHO BULLE\",\"description\":\"Facharztpraxis f\u00fcr Kieferorthop\u00e4die\",\"publisher\":{\"@id\":\"https:\\\/\\\/www.ortho-bulle.ch\\\/de\\\/#organization\"},\"potentialAction\":[{\"@type\":\"SearchAction\",\"target\":{\"@type\":\"EntryPoint\",\"urlTemplate\":\"https:\\\/\\\/www.ortho-bulle.ch\\\/de\\\/?s={search_term_string}\"},\"query-input\":{\"@type\":\"PropertyValueSpecification\",\"valueRequired\":true,\"valueName\":\"search_term_string\"}}],\"inLanguage\":\"de\"},{\"@type\":\"Organization\",\"@id\":\"https:\\\/\\\/www.ortho-bulle.ch\\\/de\\\/#organization\",\"name\":\"ORTHO BULLE\",\"url\":\"https:\\\/\\\/www.ortho-bulle.ch\\\/de\\\/\",\"logo\":{\"@type\":\"ImageObject\",\"inLanguage\":\"de\",\"@id\":\"https:\\\/\\\/www.ortho-bulle.ch\\\/de\\\/#\\\/schema\\\/logo\\\/image\\\/\",\"url\":\"https:\\\/\\\/www.ortho-bulle.ch\\\/wp-content\\\/uploads\\\/sites\\\/2\\\/2024\\\/09\\\/logo-ortho-spiegl.svg\",\"contentUrl\":\"https:\\\/\\\/www.ortho-bulle.ch\\\/wp-content\\\/uploads\\\/sites\\\/2\\\/2024\\\/09\\\/logo-ortho-spiegl.svg\",\"width\":224,\"height\":65,\"caption\":\"ORTHO BULLE\"},\"image\":{\"@id\":\"https:\\\/\\\/www.ortho-bulle.ch\\\/de\\\/#\\\/schema\\\/logo\\\/image\\\/\"}}]}<\/script>\n<!-- \/ Yoast SEO plugin. -->","yoast_head_json":{"title":"Unsichtbare Korrekturen - ORTHO BULLE","robots":{"index":"index","follow":"follow","max-snippet":"max-snippet:-1","max-image-preview":"max-image-preview:large","max-video-preview":"max-video-preview:-1"},"canonical":"https:\/\/www.ortho-bulle.ch\/de\/unsichtbare-korrekturen\/","og_locale":"de_DE","og_type":"article","og_title":"Unsichtbare Korrekturen - ORTHO BULLE","og_description":"Die Spezialisten in Bulle f\u00fcr unsichtbare Zahnkorrekturen Beim Invisalign-System erfolgt die Zahnstellungskorrektur durch eine Serie von transparenten Kunstoffschienen, sogenannten Alignern. Die Aligner sind nahezu unsichtbar, werden daher von der Umgebung kaum wahrgenommen und bieten einen unerreichten Tragekomfort. Das Berufs- und Privatleben wird nur minimal beeinflusst: Sprechen, Telefonieren, Sport, Essen ist aber problemlos m\u00f6glich. Weitere Vorteile [&hellip;]","og_url":"https:\/\/www.ortho-bulle.ch\/de\/unsichtbare-korrekturen\/","og_site_name":"ORTHO BULLE","article_modified_time":"2024-09-12T19:46:24+00:00","og_image":[{"url":"https:\/\/www.ortho-fribourg.ch\/wp-content\/uploads\/2020\/01\/unsichtbare-korrekturen-illustration-02.png","type":"","width":"","height":""}],"twitter_card":"summary_large_image","twitter_misc":{"Gesch\u00e4tzte Lesezeit":"3\u00a0Minuten"},"schema":{"@context":"https:\/\/schema.org","@graph":[{"@type":"WebPage","@id":"https:\/\/www.ortho-bulle.ch\/de\/unsichtbare-korrekturen\/","url":"https:\/\/www.ortho-bulle.ch\/de\/unsichtbare-korrekturen\/","name":"Unsichtbare Korrekturen - ORTHO BULLE","isPartOf":{"@id":"https:\/\/www.ortho-bulle.ch\/de\/#website"},"primaryImageOfPage":{"@id":"https:\/\/www.ortho-bulle.ch\/de\/unsichtbare-korrekturen\/#primaryimage"},"image":{"@id":"https:\/\/www.ortho-bulle.ch\/de\/unsichtbare-korrekturen\/#primaryimage"},"thumbnailUrl":"https:\/\/www.ortho-fribourg.ch\/wp-content\/uploads\/2020\/01\/unsichtbare-korrekturen-illustration-02.png","datePublished":"2019-10-25T12:36:17+00:00","dateModified":"2024-09-12T19:46:24+00:00","breadcrumb":{"@id":"https:\/\/www.ortho-bulle.ch\/de\/unsichtbare-korrekturen\/#breadcrumb"},"inLanguage":"de","potentialAction":[{"@type":"ReadAction","target":["https:\/\/www.ortho-bulle.ch\/de\/unsichtbare-korrekturen\/"]}]},{"@type":"ImageObject","inLanguage":"de","@id":"https:\/\/www.ortho-bulle.ch\/de\/unsichtbare-korrekturen\/#primaryimage","url":"https:\/\/www.ortho-fribourg.ch\/wp-content\/uploads\/2020\/01\/unsichtbare-korrekturen-illustration-02.png","contentUrl":"https:\/\/www.ortho-fribourg.ch\/wp-content\/uploads\/2020\/01\/unsichtbare-korrekturen-illustration-02.png"},{"@type":"BreadcrumbList","@id":"https:\/\/www.ortho-bulle.ch\/de\/unsichtbare-korrekturen\/#breadcrumb","itemListElement":[{"@type":"ListItem","position":1,"name":"Startseite","item":"https:\/\/www.ortho-bulle.ch\/de\/"},{"@type":"ListItem","position":2,"name":"Unsichtbare Korrekturen"}]},{"@type":"WebSite","@id":"https:\/\/www.ortho-bulle.ch\/de\/#website","url":"https:\/\/www.ortho-bulle.ch\/de\/","name":"ORTHO BULLE","description":"Facharztpraxis f\u00fcr Kieferorthop\u00e4die","publisher":{"@id":"https:\/\/www.ortho-bulle.ch\/de\/#organization"},"potentialAction":[{"@type":"SearchAction","target":{"@type":"EntryPoint","urlTemplate":"https:\/\/www.ortho-bulle.ch\/de\/?s={search_term_string}"},"query-input":{"@type":"PropertyValueSpecification","valueRequired":true,"valueName":"search_term_string"}}],"inLanguage":"de"},{"@type":"Organization","@id":"https:\/\/www.ortho-bulle.ch\/de\/#organization","name":"ORTHO BULLE","url":"https:\/\/www.ortho-bulle.ch\/de\/","logo":{"@type":"ImageObject","inLanguage":"de","@id":"https:\/\/www.ortho-bulle.ch\/de\/#\/schema\/logo\/image\/","url":"https:\/\/www.ortho-bulle.ch\/wp-content\/uploads\/sites\/2\/2024\/09\/logo-ortho-spiegl.svg","contentUrl":"https:\/\/www.ortho-bulle.ch\/wp-content\/uploads\/sites\/2\/2024\/09\/logo-ortho-spiegl.svg","width":224,"height":65,"caption":"ORTHO BULLE"},"image":{"@id":"https:\/\/www.ortho-bulle.ch\/de\/#\/schema\/logo\/image\/"}}]}},"_links":{"self":[{"href":"https:\/\/www.ortho-bulle.ch\/de\/wp-json\/wp\/v2\/pages\/135","targetHints":{"allow":["GET"]}}],"collection":[{"href":"https:\/\/www.ortho-bulle.ch\/de\/wp-json\/wp\/v2\/pages"}],"about":[{"href":"https:\/\/www.ortho-bulle.ch\/de\/wp-json\/wp\/v2\/types\/page"}],"author":[{"embeddable":true,"href":"https:\/\/www.ortho-bulle.ch\/de\/wp-json\/wp\/v2\/users\/1"}],"replies":[{"embeddable":true,"href":"https:\/\/www.ortho-bulle.ch\/de\/wp-json\/wp\/v2\/comments?post=135"}],"version-history":[{"count":4,"href":"https:\/\/www.ortho-bulle.ch\/de\/wp-json\/wp\/v2\/pages\/135\/revisions"}],"predecessor-version":[{"id":576,"href":"https:\/\/www.ortho-bulle.ch\/de\/wp-json\/wp\/v2\/pages\/135\/revisions\/576"}],"wp:attachment":[{"href":"https:\/\/www.ortho-bulle.ch\/de\/wp-json\/wp\/v2\/media?parent=135"}],"curies":[{"name":"wp","href":"https:\/\/api.w.org\/{rel}","templated":true}]}}