{"id":172,"date":"2024-04-19T13:12:13","date_gmt":"2024-04-19T11:12:13","guid":{"rendered":"https:\/\/dev.ortho-bulle.ch\/blog\/"},"modified":"2024-09-15T17:24:59","modified_gmt":"2024-09-15T15:24:59","slug":"blog","status":"publish","type":"page","link":"https:\/\/www.ortho-bulle.ch\/de\/blog\/","title":{"rendered":"Blog"},"content":{"rendered":"\n<div class=\"wp-block-group mobile-padding group-blog animate__animated animate__fadeInUp has-global-padding is-layout-constrained wp-container-core-group-is-layout-7cbf8257 wp-block-group-is-layout-constrained\" style=\"padding-top:var(--wp--preset--spacing--40);padding-bottom:var(--wp--preset--spacing--40)\">\n<div class=\"wp-block-columns are-vertically-aligned-bottom is-layout-flex wp-container-core-columns-is-layout-28f84493 wp-block-columns-is-layout-flex\">\n<div class=\"wp-block-column is-vertically-aligned-bottom is-layout-flow wp-block-column-is-layout-flow\">\n<h1 class=\"wp-block-heading\">Blog<\/h1>\n\n\n\n<p>Willkommen zu unserem innovativen Blog rund um die digitale Kieferorthop\u00e4die! Tauchen Sie ein in die Welt der modernsten Therapieformen und neuesten Technologien, die die Welt der Kieferorthop\u00e4die revolutionieren und dadurch minimalinvasiv optimale Resultate erm\u00f6glicht werden. Bleiben Sie auf dem Laufenden und entdecken Sie, wie diese fortschrittlichen Methoden Ihr Leben ver\u00e4ndern k\u00f6nnen<\/p>\n<\/div>\n\n\n\n<div class=\"wp-block-column is-vertically-aligned-bottom is-layout-flow wp-block-column-is-layout-flow\"><\/div>\n<\/div>\n\n\n\n<div class=\"wp-block-columns is-layout-flex wp-container-core-columns-is-layout-28f84493 wp-block-columns-is-layout-flex\">\n<div class=\"wp-block-column is-layout-flow wp-block-column-is-layout-flow\">\n<div class=\"wp-block-columns is-layout-flex wp-container-core-columns-is-layout-28f84493 wp-block-columns-is-layout-flex\">\n<div class=\"wp-block-column is-layout-flow wp-block-column-is-layout-flow\" style=\"padding-right:var(--wp--preset--spacing--20);flex-basis:33.33%\"><form role=\"search\" method=\"get\" action=\"https:\/\/www.ortho-bulle.ch\/de\/\" class=\"wp-block-search__button-outside wp-block-search__icon-button wp-block-search\"    ><label class=\"wp-block-search__label screen-reader-text\" for=\"wp-block-search__input-1\" >Suchen<\/label><div class=\"wp-block-search__inside-wrapper\"  style=\"width: 100%\"><input class=\"wp-block-search__input has-border-color has-contrast-3-border-color\" id=\"wp-block-search__input-1\" placeholder=\"\" value=\"\" type=\"search\" name=\"s\" required  style=\"border-width: 2px;border-radius: 2rem\"\/><button aria-label=\"Suchen\" class=\"wp-block-search__button has-text-color has-contrast-color has-background has-base-background-color has-border-color has-contrast-3-border-color has-icon wp-element-button\" type=\"submit\"  style=\"border-width: 2px;border-radius: 2rem\"><svg class=\"search-icon\" viewBox=\"0 0 24 24\" width=\"24\" height=\"24\">\n\t\t\t\t\t<path d=\"M13 5c-3.3 0-6 2.7-6 6 0 1.4.5 2.7 1.3 3.7l-3.8 3.8 1.1 1.1 3.8-3.8c1 .8 2.3 1.3 3.7 1.3 3.3 0 6-2.7 6-6S16.3 5 13 5zm0 10.5c-2.5 0-4.5-2-4.5-4.5s2-4.5 4.5-4.5 4.5 2 4.5 4.5-2 4.5-4.5 4.5z\"><\/path>\n\t\t\t\t<\/svg><\/button><\/div><\/form><\/div>\n\n\n\n<div class=\"wp-block-column is-layout-flow wp-block-column-is-layout-flow\" style=\"flex-basis:66.66%\">\n<div class=\"wp-block-buttons blog-filter is-content-justification-right is-layout-flex wp-container-core-buttons-is-layout-d445cf74 wp-block-buttons-is-layout-flex\">\n<div class=\"wp-block-button activeSelection\" id=\"category-alle\"><a class=\"wp-block-button__link has-contrast-color has-base-background-color has-text-color has-background has-link-color has-border-color wp-element-button\" style=\"border-color:#A4A4A4;border-width:2px;border-radius:2rem\">Alle<\/a><\/div>\n\n\n\n<div class=\"wp-block-button\" id=\"category-erfolgsgeschichten\"><a class=\"wp-block-button__link has-contrast-color has-base-background-color has-text-color has-background has-link-color has-border-color wp-element-button\" style=\"border-color:#A4A4A4;border-width:2px;border-radius:2rem\">Erfolgsgeschichten<\/a><\/div>\n\n\n\n<div class=\"wp-block-button\" id=\"category-behandlungsarten\"><a class=\"wp-block-button__link has-contrast-color has-base-background-color has-text-color has-background has-link-color has-border-color wp-element-button\" style=\"border-color:#A4A4A4;border-width:2px;border-radius:2rem\">Behandlungsarten<\/a><\/div>\n\n\n\n<div class=\"wp-block-button\" id=\"category-techniken-kieferorthopaedie\"><a class=\"wp-block-button__link has-contrast-color has-base-background-color has-text-color has-background has-link-color has-border-color has-contrast-3-border-color wp-element-button\" style=\"border-width:2px;border-radius:2rem\">Techniken Kieferorthop\u00e4die<\/a><\/div>\n<\/div>\n<\/div>\n<\/div>\n\n\n\n<div class=\"wp-block-query alignwide is-layout-flow wp-block-query-is-layout-flow\">\n\n\n<div class=\"wp-block-group group-blog has-global-padding is-layout-constrained wp-container-core-group-is-layout-4eb73ada wp-block-group-is-layout-constrained\" style=\"margin-top:0;margin-bottom:0;padding-top:var(--wp--preset--spacing--50);padding-right:0;padding-bottom:var(--wp--preset--spacing--50);padding-left:0\"><ul class=\"columns-3 alignfull wp-block-post-template is-layout-grid wp-container-core-post-template-is-layout-2d080239 wp-block-post-template-is-layout-grid\"><li class=\"wp-block-post post-883 post type-post status-publish format-standard has-post-thumbnail hentry category-behandlungsarten category-blog\">\n<figure style=\"aspect-ratio:4\/3; padding-bottom:var(--wp--preset--spacing--20);margin-bottom:0;\" class=\"wp-block-post-featured-image\"><a href=\"https:\/\/www.ortho-bulle.ch\/de\/fruehzeitige-vorsorge\/\" target=\"_self\"  ><img loading=\"lazy\" decoding=\"async\" width=\"1200\" height=\"800\" src=\"https:\/\/www.ortho-bulle.ch\/wp-content\/uploads\/sites\/2\/2024\/09\/fruehzeitige-vorsorge.webp\" class=\"attachment-post-thumbnail size-post-thumbnail wp-post-image\" alt=\"Fr\u00fchzeitige Vorsorge\" style=\"width:100%;height:100%;object-fit:cover;\" srcset=\"https:\/\/www.ortho-bulle.ch\/wp-content\/uploads\/sites\/2\/2024\/09\/fruehzeitige-vorsorge.webp 1200w, https:\/\/www.ortho-bulle.ch\/wp-content\/uploads\/sites\/2\/2024\/09\/fruehzeitige-vorsorge-300x200.webp 300w, https:\/\/www.ortho-bulle.ch\/wp-content\/uploads\/sites\/2\/2024\/09\/fruehzeitige-vorsorge-1024x683.webp 1024w, https:\/\/www.ortho-bulle.ch\/wp-content\/uploads\/sites\/2\/2024\/09\/fruehzeitige-vorsorge-768x512.webp 768w, https:\/\/www.ortho-bulle.ch\/wp-content\/uploads\/sites\/2\/2024\/09\/fruehzeitige-vorsorge-272x182.webp 272w\" sizes=\"auto, (max-width: 1200px) 100vw, 1200px\" \/><\/a><\/figure>\n\n\n<div class=\"wp-block-group is-vertical is-nowrap is-layout-flex wp-container-core-group-is-layout-1b01a483 wp-block-group-is-layout-flex\" style=\"min-height:6rem;margin-top:0;padding-top:0\"><div class=\"wp-block-post-date\"><time datetime=\"2024-09-16T10:09:32+02:00\"><a href=\"https:\/\/www.ortho-bulle.ch\/de\/fruehzeitige-vorsorge\/\">16.9.2024<\/a><\/time><\/div>\n\n<h4 style=\"margin-top:var(--wp--preset--spacing--10);margin-bottom:0;\" class=\"wp-block-post-title wp-container-content-32e3a40d\"><a href=\"https:\/\/www.ortho-bulle.ch\/de\/fruehzeitige-vorsorge\/\" target=\"_self\" >Fr\u00fchzeitige Vorsorge<\/a><\/h4><\/div>\n\n\n\n<div class=\"wp-block-group is-vertical is-layout-flex wp-container-core-group-is-layout-fe9cc265 wp-block-group-is-layout-flex\"><div class=\"wp-block-post-excerpt wp-container-content-32e3a40d\"><p class=\"wp-block-post-excerpt__excerpt\">Wie man schwereren Zahnfehlstellungen im Kindesalter vorbeugen kann. <\/p><\/div><\/div>\n\n<\/li><\/ul>\n\n\n<div style=\"margin-top:0;margin-bottom:0;height:var(--wp--preset--spacing--40)\" aria-hidden=\"true\" class=\"wp-block-spacer\"><\/div>\n\n\n<\/div>\n<\/div>\n<\/div>\n<\/div>\n<\/div>\n","protected":false},"excerpt":{"rendered":"<p>Blog Willkommen zu unserem innovativen Blog rund um die digitale Kieferorthop\u00e4die! Tauchen Sie ein in die Welt der modernsten Therapieformen und neuesten Technologien, die die Welt der Kieferorthop\u00e4die revolutionieren und dadurch minimalinvasiv optimale Resultate erm\u00f6glicht werden. Bleiben Sie auf dem Laufenden und entdecken Sie, wie diese fortschrittlichen Methoden Ihr Leben ver\u00e4ndern k\u00f6nnen<\/p>\n","protected":false},"author":1,"featured_media":0,"parent":0,"menu_order":6,"comment_status":"closed","ping_status":"closed","template":"","meta":{"footnotes":""},"class_list":["post-172","page","type-page","status-publish","hentry"],"yoast_head":"<!-- This site is optimized with the Yoast SEO plugin v27.4 - https:\/\/yoast.com\/product\/yoast-seo-wordpress\/ -->\n<title>Blog - ORTHO BULLE<\/title>\n<meta name=\"robots\" content=\"index, follow, max-snippet:-1, max-image-preview:large, max-video-preview:-1\" \/>\n<link rel=\"canonical\" href=\"https:\/\/www.ortho-bulle.ch\/de\/blog\/\" \/>\n<meta property=\"og:locale\" content=\"de_DE\" \/>\n<meta property=\"og:type\" content=\"article\" \/>\n<meta property=\"og:title\" content=\"Blog - ORTHO BULLE\" \/>\n<meta property=\"og:description\" content=\"Blog Willkommen zu unserem innovativen Blog rund um die digitale Kieferorthop\u00e4die! Tauchen Sie ein in die Welt der modernsten Therapieformen und neuesten Technologien, die die Welt der Kieferorthop\u00e4die revolutionieren und dadurch minimalinvasiv optimale Resultate erm\u00f6glicht werden. Bleiben Sie auf dem Laufenden und entdecken Sie, wie diese fortschrittlichen Methoden Ihr Leben ver\u00e4ndern k\u00f6nnen\" \/>\n<meta property=\"og:url\" content=\"https:\/\/www.ortho-bulle.ch\/de\/blog\/\" \/>\n<meta property=\"og:site_name\" content=\"ORTHO BULLE\" \/>\n<meta property=\"article:modified_time\" content=\"2024-09-15T15:24:59+00:00\" \/>\n<meta name=\"twitter:card\" content=\"summary_large_image\" \/>\n<meta name=\"twitter:label1\" content=\"Gesch\u00e4tzte Lesezeit\" \/>\n\t<meta name=\"twitter:data1\" content=\"1\u00a0Minute\" \/>\n<script type=\"application\/ld+json\" class=\"yoast-schema-graph\">{\"@context\":\"https:\\\/\\\/schema.org\",\"@graph\":[{\"@type\":\"WebPage\",\"@id\":\"https:\\\/\\\/www.ortho-bulle.ch\\\/de\\\/blog\\\/\",\"url\":\"https:\\\/\\\/www.ortho-bulle.ch\\\/de\\\/blog\\\/\",\"name\":\"Blog - ORTHO BULLE\",\"isPartOf\":{\"@id\":\"https:\\\/\\\/www.ortho-bulle.ch\\\/de\\\/#website\"},\"datePublished\":\"2024-04-19T11:12:13+00:00\",\"dateModified\":\"2024-09-15T15:24:59+00:00\",\"breadcrumb\":{\"@id\":\"https:\\\/\\\/www.ortho-bulle.ch\\\/de\\\/blog\\\/#breadcrumb\"},\"inLanguage\":\"de\",\"potentialAction\":[{\"@type\":\"ReadAction\",\"target\":[\"https:\\\/\\\/www.ortho-bulle.ch\\\/de\\\/blog\\\/\"]}]},{\"@type\":\"BreadcrumbList\",\"@id\":\"https:\\\/\\\/www.ortho-bulle.ch\\\/de\\\/blog\\\/#breadcrumb\",\"itemListElement\":[{\"@type\":\"ListItem\",\"position\":1,\"name\":\"Startseite\",\"item\":\"https:\\\/\\\/www.ortho-bulle.ch\\\/de\\\/\"},{\"@type\":\"ListItem\",\"position\":2,\"name\":\"Blog\"}]},{\"@type\":\"WebSite\",\"@id\":\"https:\\\/\\\/www.ortho-bulle.ch\\\/de\\\/#website\",\"url\":\"https:\\\/\\\/www.ortho-bulle.ch\\\/de\\\/\",\"name\":\"ORTHO BULLE\",\"description\":\"Facharztpraxis f\u00fcr Kieferorthop\u00e4die\",\"publisher\":{\"@id\":\"https:\\\/\\\/www.ortho-bulle.ch\\\/de\\\/#organization\"},\"potentialAction\":[{\"@type\":\"SearchAction\",\"target\":{\"@type\":\"EntryPoint\",\"urlTemplate\":\"https:\\\/\\\/www.ortho-bulle.ch\\\/de\\\/?s={search_term_string}\"},\"query-input\":{\"@type\":\"PropertyValueSpecification\",\"valueRequired\":true,\"valueName\":\"search_term_string\"}}],\"inLanguage\":\"de\"},{\"@type\":\"Organization\",\"@id\":\"https:\\\/\\\/www.ortho-bulle.ch\\\/de\\\/#organization\",\"name\":\"ORTHO BULLE\",\"url\":\"https:\\\/\\\/www.ortho-bulle.ch\\\/de\\\/\",\"logo\":{\"@type\":\"ImageObject\",\"inLanguage\":\"de\",\"@id\":\"https:\\\/\\\/www.ortho-bulle.ch\\\/de\\\/#\\\/schema\\\/logo\\\/image\\\/\",\"url\":\"https:\\\/\\\/www.ortho-bulle.ch\\\/wp-content\\\/uploads\\\/sites\\\/2\\\/2024\\\/09\\\/logo-ortho-spiegl.svg\",\"contentUrl\":\"https:\\\/\\\/www.ortho-bulle.ch\\\/wp-content\\\/uploads\\\/sites\\\/2\\\/2024\\\/09\\\/logo-ortho-spiegl.svg\",\"width\":224,\"height\":65,\"caption\":\"ORTHO BULLE\"},\"image\":{\"@id\":\"https:\\\/\\\/www.ortho-bulle.ch\\\/de\\\/#\\\/schema\\\/logo\\\/image\\\/\"}}]}<\/script>\n<!-- \/ Yoast SEO plugin. -->","yoast_head_json":{"title":"Blog - ORTHO BULLE","robots":{"index":"index","follow":"follow","max-snippet":"max-snippet:-1","max-image-preview":"max-image-preview:large","max-video-preview":"max-video-preview:-1"},"canonical":"https:\/\/www.ortho-bulle.ch\/de\/blog\/","og_locale":"de_DE","og_type":"article","og_title":"Blog - ORTHO BULLE","og_description":"Blog Willkommen zu unserem innovativen Blog rund um die digitale Kieferorthop\u00e4die! Tauchen Sie ein in die Welt der modernsten Therapieformen und neuesten Technologien, die die Welt der Kieferorthop\u00e4die revolutionieren und dadurch minimalinvasiv optimale Resultate erm\u00f6glicht werden. Bleiben Sie auf dem Laufenden und entdecken Sie, wie diese fortschrittlichen Methoden Ihr Leben ver\u00e4ndern k\u00f6nnen","og_url":"https:\/\/www.ortho-bulle.ch\/de\/blog\/","og_site_name":"ORTHO BULLE","article_modified_time":"2024-09-15T15:24:59+00:00","twitter_card":"summary_large_image","twitter_misc":{"Gesch\u00e4tzte Lesezeit":"1\u00a0Minute"},"schema":{"@context":"https:\/\/schema.org","@graph":[{"@type":"WebPage","@id":"https:\/\/www.ortho-bulle.ch\/de\/blog\/","url":"https:\/\/www.ortho-bulle.ch\/de\/blog\/","name":"Blog - ORTHO BULLE","isPartOf":{"@id":"https:\/\/www.ortho-bulle.ch\/de\/#website"},"datePublished":"2024-04-19T11:12:13+00:00","dateModified":"2024-09-15T15:24:59+00:00","breadcrumb":{"@id":"https:\/\/www.ortho-bulle.ch\/de\/blog\/#breadcrumb"},"inLanguage":"de","potentialAction":[{"@type":"ReadAction","target":["https:\/\/www.ortho-bulle.ch\/de\/blog\/"]}]},{"@type":"BreadcrumbList","@id":"https:\/\/www.ortho-bulle.ch\/de\/blog\/#breadcrumb","itemListElement":[{"@type":"ListItem","position":1,"name":"Startseite","item":"https:\/\/www.ortho-bulle.ch\/de\/"},{"@type":"ListItem","position":2,"name":"Blog"}]},{"@type":"WebSite","@id":"https:\/\/www.ortho-bulle.ch\/de\/#website","url":"https:\/\/www.ortho-bulle.ch\/de\/","name":"ORTHO BULLE","description":"Facharztpraxis f\u00fcr Kieferorthop\u00e4die","publisher":{"@id":"https:\/\/www.ortho-bulle.ch\/de\/#organization"},"potentialAction":[{"@type":"SearchAction","target":{"@type":"EntryPoint","urlTemplate":"https:\/\/www.ortho-bulle.ch\/de\/?s={search_term_string}"},"query-input":{"@type":"PropertyValueSpecification","valueRequired":true,"valueName":"search_term_string"}}],"inLanguage":"de"},{"@type":"Organization","@id":"https:\/\/www.ortho-bulle.ch\/de\/#organization","name":"ORTHO BULLE","url":"https:\/\/www.ortho-bulle.ch\/de\/","logo":{"@type":"ImageObject","inLanguage":"de","@id":"https:\/\/www.ortho-bulle.ch\/de\/#\/schema\/logo\/image\/","url":"https:\/\/www.ortho-bulle.ch\/wp-content\/uploads\/sites\/2\/2024\/09\/logo-ortho-spiegl.svg","contentUrl":"https:\/\/www.ortho-bulle.ch\/wp-content\/uploads\/sites\/2\/2024\/09\/logo-ortho-spiegl.svg","width":224,"height":65,"caption":"ORTHO BULLE"},"image":{"@id":"https:\/\/www.ortho-bulle.ch\/de\/#\/schema\/logo\/image\/"}}]}},"_links":{"self":[{"href":"https:\/\/www.ortho-bulle.ch\/de\/wp-json\/wp\/v2\/pages\/172","targetHints":{"allow":["GET"]}}],"collection":[{"href":"https:\/\/www.ortho-bulle.ch\/de\/wp-json\/wp\/v2\/pages"}],"about":[{"href":"https:\/\/www.ortho-bulle.ch\/de\/wp-json\/wp\/v2\/types\/page"}],"author":[{"embeddable":true,"href":"https:\/\/www.ortho-bulle.ch\/de\/wp-json\/wp\/v2\/users\/1"}],"replies":[{"embeddable":true,"href":"https:\/\/www.ortho-bulle.ch\/de\/wp-json\/wp\/v2\/comments?post=172"}],"version-history":[{"count":10,"href":"https:\/\/www.ortho-bulle.ch\/de\/wp-json\/wp\/v2\/pages\/172\/revisions"}],"predecessor-version":[{"id":795,"href":"https:\/\/www.ortho-bulle.ch\/de\/wp-json\/wp\/v2\/pages\/172\/revisions\/795"}],"wp:attachment":[{"href":"https:\/\/www.ortho-bulle.ch\/de\/wp-json\/wp\/v2\/media?parent=172"}],"curies":[{"name":"wp","href":"https:\/\/api.w.org\/{rel}","templated":true}]}}